{"id":177,"date":"2024-12-20T10:39:18","date_gmt":"2024-12-20T09:39:18","guid":{"rendered":"https:\/\/weriseperformance.com\/?page_id=177"},"modified":"2025-04-23T13:45:52","modified_gmt":"2025-04-23T11:45:52","slug":"sobre-nosotros","status":"publish","type":"page","link":"https:\/\/weriseperformance.com\/en\/sobre-nosotros\/","title":{"rendered":"Sobre nosotros"},"content":{"rendered":"<div data-elementor-type=\"wp-page\" data-elementor-id=\"177\" class=\"elementor elementor-177\" data-elementor-post-type=\"page\">\n\t\t\t\t\t\t<section class=\"elementor-section elementor-top-section elementor-element elementor-element-6654e834 elementor-section-items-top elementor-section-full_width elementor-section-height-min-height elementor-section-height-default\" data-id=\"6654e834\" data-element_type=\"section\" data-settings=\"{&quot;background_background&quot;:&quot;classic&quot;}\">\n\t\t\t\t\t\t<div class=\"elementor-container elementor-column-gap-default\">\n\t\t\t\t\t<div class=\"elementor-column elementor-col-100 elementor-top-column elementor-element elementor-element-6a82b88f\" data-id=\"6a82b88f\" data-element_type=\"column\">\n\t\t\t<div class=\"elementor-widget-wrap\">\n\t\t\t\t\t\t\t<\/div>\n\t\t<\/div>\n\t\t\t\t\t<\/div>\n\t\t<\/section>\n\t\t\t\t<section class=\"elementor-section elementor-top-section elementor-element elementor-element-4f464282 elementor-section-boxed elementor-section-height-default elementor-section-height-default\" data-id=\"4f464282\" data-element_type=\"section\">\n\t\t\t\t\t\t<div class=\"elementor-container elementor-column-gap-default\">\n\t\t\t\t\t<div class=\"elementor-column elementor-col-100 elementor-top-column elementor-element elementor-element-154549b4\" data-id=\"154549b4\" data-element_type=\"column\" data-settings=\"{&quot;background_background&quot;:&quot;classic&quot;}\">\n\t\t\t<div class=\"elementor-widget-wrap elementor-element-populated\">\n\t\t\t\t\t\t<section class=\"elementor-section elementor-inner-section elementor-element elementor-element-9f1d638 elementor-section-boxed elementor-section-height-default elementor-section-height-default\" data-id=\"9f1d638\" data-element_type=\"section\">\n\t\t\t\t\t\t<div class=\"elementor-container elementor-column-gap-default\">\n\t\t\t\t\t<div class=\"elementor-column elementor-col-100 elementor-inner-column elementor-element elementor-element-6695651c\" data-id=\"6695651c\" data-element_type=\"column\">\n\t\t\t<div class=\"elementor-widget-wrap elementor-element-populated\">\n\t\t\t\t\t\t<div class=\"elementor-element elementor-element-5b3f1162 elementor-widget elementor-widget-heading\" data-id=\"5b3f1162\" data-element_type=\"widget\" data-widget_type=\"heading.default\">\n\t\t\t\t<div class=\"elementor-widget-container\">\n\t\t\t\t\t<h1 class=\"elementor-heading-title elementor-size-default\">Sobre WeRise Performance<\/h1>\t\t\t\t<\/div>\n\t\t\t\t<\/div>\n\t\t\t\t<div class=\"elementor-element elementor-element-565f199b elementor-widget-divider--view-line elementor-widget elementor-widget-divider\" data-id=\"565f199b\" data-element_type=\"widget\" data-widget_type=\"divider.default\">\n\t\t\t\t<div class=\"elementor-widget-container\">\n\t\t\t\t\t\t\t<div class=\"elementor-divider\">\n\t\t\t<span class=\"elementor-divider-separator\">\n\t\t\t\t\t\t<\/span>\n\t\t<\/div>\n\t\t\t\t\t\t<\/div>\n\t\t\t\t<\/div>\n\t\t\t\t\t<\/div>\n\t\t<\/div>\n\t\t\t\t\t<\/div>\n\t\t<\/section>\n\t\t\t\t\t<\/div>\n\t\t<\/div>\n\t\t\t\t\t<\/div>\n\t\t<\/section>\n\t\t\t\t<section class=\"elementor-section elementor-top-section elementor-element elementor-element-43f32585 elementor-section-full_width elementor-section-height-default elementor-section-height-default\" data-id=\"43f32585\" data-element_type=\"section\" data-settings=\"{&quot;background_background&quot;:&quot;classic&quot;}\">\n\t\t\t\t\t\t\t<div class=\"elementor-background-overlay\"><\/div>\n\t\t\t\t\t\t\t<div class=\"elementor-container elementor-column-gap-no\">\n\t\t\t\t\t<div class=\"elementor-column elementor-col-100 elementor-top-column elementor-element elementor-element-53033c28\" data-id=\"53033c28\" data-element_type=\"column\">\n\t\t\t<div class=\"elementor-widget-wrap elementor-element-populated\">\n\t\t\t\t\t\t<section class=\"elementor-section elementor-inner-section elementor-element elementor-element-5d34a37c elementor-section-boxed elementor-section-height-default elementor-section-height-default\" data-id=\"5d34a37c\" data-element_type=\"section\">\n\t\t\t\t\t\t<div class=\"elementor-container elementor-column-gap-default\">\n\t\t\t\t\t<div class=\"elementor-column elementor-col-50 elementor-inner-column elementor-element elementor-element-12281f4f elementor-invisible\" data-id=\"12281f4f\" data-element_type=\"column\" data-settings=\"{&quot;animation&quot;:&quot;fadeIn&quot;}\">\n\t\t\t<div class=\"elementor-widget-wrap elementor-element-populated\">\n\t\t\t\t\t\t<div class=\"elementor-element elementor-element-4a35cefc elementor-widget elementor-widget-heading\" data-id=\"4a35cefc\" data-element_type=\"widget\" data-widget_type=\"heading.default\">\n\t\t\t\t<div class=\"elementor-widget-container\">\n\t\t\t\t\t<h4 class=\"elementor-heading-title elementor-size-default\">M\u00e1s que una agencia, tu socio en crecimiento real<\/h4>\t\t\t\t<\/div>\n\t\t\t\t<\/div>\n\t\t\t\t<div class=\"elementor-element elementor-element-343a4685 elementor-widget elementor-widget-text-editor\" data-id=\"343a4685\" data-element_type=\"widget\" data-widget_type=\"text-editor.default\">\n\t\t\t\t<div class=\"elementor-widget-container\">\n\t\t\t\t\t\t\t\t\t<p>En <strong>WeRise Performance<\/strong>, no somos solo una agencia de marketing digital, somos <strong>el socio estrat\u00e9gico que tu negocio necesita<\/strong>. Desde que iniciamos en <strong>2021<\/strong>, nuestro objetivo ha sido <strong>ir m\u00e1s all\u00e1 de los resultados convencionales<\/strong>.<\/p><p>Hoy, nos hemos <strong>reinventado<\/strong>, evolucionando nuestro equipo, metodolog\u00eda y herramientas para ofrecer estrategias de alto rendimiento, dise\u00f1adas para <strong>hacer crecer tu facturaci\u00f3n<\/strong>.<\/p>\t\t\t\t\t\t\t\t<\/div>\n\t\t\t\t<\/div>\n\t\t\t\t\t<\/div>\n\t\t<\/div>\n\t\t\t\t<div class=\"elementor-column elementor-col-50 elementor-inner-column elementor-element elementor-element-1741f29f elementor-invisible\" data-id=\"1741f29f\" data-element_type=\"column\" data-settings=\"{&quot;background_background&quot;:&quot;classic&quot;,&quot;animation&quot;:&quot;fadeIn&quot;,&quot;animation_delay&quot;:500}\">\n\t\t\t<div class=\"elementor-widget-wrap elementor-element-populated\">\n\t\t\t\t\t\t<div class=\"elementor-element elementor-element-13d6cd94 elementor-invisible elementor-widget elementor-widget-image\" data-id=\"13d6cd94\" data-element_type=\"widget\" data-settings=\"{&quot;_animation&quot;:&quot;fadeIn&quot;}\" data-widget_type=\"image.default\">\n\t\t\t\t<div class=\"elementor-widget-container\">\n\t\t\t\t\t\t\t\t\t\t\t\t\t\t\t<img fetchpriority=\"high\" decoding=\"async\" width=\"1080\" height=\"1550\" src=\"https:\/\/weriseperformance.com\/wp-content\/uploads\/2025\/01\/fotos-web-1.jpg\" class=\"attachment-full size-full wp-image-1472\" alt=\"\" srcset=\"https:\/\/weriseperformance.com\/wp-content\/uploads\/2025\/01\/fotos-web-1.jpg 1080w, https:\/\/weriseperformance.com\/wp-content\/uploads\/2025\/01\/fotos-web-1-209x300.jpg 209w, https:\/\/weriseperformance.com\/wp-content\/uploads\/2025\/01\/fotos-web-1-713x1024.jpg 713w, https:\/\/weriseperformance.com\/wp-content\/uploads\/2025\/01\/fotos-web-1-768x1102.jpg 768w, https:\/\/weriseperformance.com\/wp-content\/uploads\/2025\/01\/fotos-web-1-1070x1536.jpg 1070w\" sizes=\"(max-width: 1080px) 100vw, 1080px\" \/>\t\t\t\t\t\t\t\t\t\t\t\t\t\t\t<\/div>\n\t\t\t\t<\/div>\n\t\t\t\t\t<\/div>\n\t\t<\/div>\n\t\t\t\t\t<\/div>\n\t\t<\/section>\n\t\t\t\t<section class=\"elementor-section elementor-inner-section elementor-element elementor-element-784c3331 elementor-reverse-mobile elementor-section-boxed elementor-section-height-default elementor-section-height-default\" data-id=\"784c3331\" data-element_type=\"section\">\n\t\t\t\t\t\t<div class=\"elementor-container elementor-column-gap-default\">\n\t\t\t\t\t<div class=\"elementor-column elementor-col-50 elementor-inner-column elementor-element elementor-element-127402ed elementor-invisible\" data-id=\"127402ed\" data-element_type=\"column\" data-settings=\"{&quot;background_background&quot;:&quot;classic&quot;,&quot;animation&quot;:&quot;fadeIn&quot;,&quot;animation_delay&quot;:500}\">\n\t\t\t<div class=\"elementor-widget-wrap elementor-element-populated\">\n\t\t\t\t\t\t<div class=\"elementor-element elementor-element-f395194 elementor-widget elementor-widget-image\" data-id=\"f395194\" data-element_type=\"widget\" data-widget_type=\"image.default\">\n\t\t\t\t<div class=\"elementor-widget-container\">\n\t\t\t\t\t\t\t\t\t\t\t\t\t\t\t<img decoding=\"async\" width=\"1070\" height=\"1536\" src=\"https:\/\/weriseperformance.com\/wp-content\/uploads\/2025\/01\/CEO-Beslan-Mamedovi-1070x1536.webp\" class=\"attachment-1536x1536 size-1536x1536 wp-image-1468\" alt=\"\" srcset=\"https:\/\/weriseperformance.com\/wp-content\/uploads\/2025\/01\/CEO-Beslan-Mamedovi-1070x1536.webp 1070w, https:\/\/weriseperformance.com\/wp-content\/uploads\/2025\/01\/CEO-Beslan-Mamedovi-209x300.webp 209w, https:\/\/weriseperformance.com\/wp-content\/uploads\/2025\/01\/CEO-Beslan-Mamedovi-713x1024.webp 713w, https:\/\/weriseperformance.com\/wp-content\/uploads\/2025\/01\/CEO-Beslan-Mamedovi-768x1102.webp 768w, https:\/\/weriseperformance.com\/wp-content\/uploads\/2025\/01\/CEO-Beslan-Mamedovi.webp 1080w\" sizes=\"(max-width: 1070px) 100vw, 1070px\" \/>\t\t\t\t\t\t\t\t\t\t\t\t\t\t\t<\/div>\n\t\t\t\t<\/div>\n\t\t\t\t\t<\/div>\n\t\t<\/div>\n\t\t\t\t<div class=\"elementor-column elementor-col-50 elementor-inner-column elementor-element elementor-element-3a5ff87a elementor-invisible\" data-id=\"3a5ff87a\" data-element_type=\"column\" data-settings=\"{&quot;animation&quot;:&quot;fadeIn&quot;}\">\n\t\t\t<div class=\"elementor-widget-wrap elementor-element-populated\">\n\t\t\t\t\t\t<div class=\"elementor-element elementor-element-376e5e74 elementor-widget elementor-widget-jkit_heading\" data-id=\"376e5e74\" data-element_type=\"widget\" data-widget_type=\"jkit_heading.default\">\n\t\t\t\t<div class=\"elementor-widget-container\">\n\t\t\t\t\t<div  class=\"jeg-elementor-kit jkit-heading  align- align-tablet- align-mobile- jeg_module___69eb9d11e838c\" ><h4 class=\"heading-section-subtitle  style-color\">CEO y Cofundador de WeRise Performance<\/h4><div class=\"heading-section-title  display-inline-block\"><h3 class=\"heading-title\">Beslan Mamedovi<\/h3><\/div><\/div>\t\t\t\t<\/div>\n\t\t\t\t<\/div>\n\t\t\t\t<div class=\"elementor-element elementor-element-56d05aa5 elementor-widget elementor-widget-text-editor\" data-id=\"56d05aa5\" data-element_type=\"widget\" data-widget_type=\"text-editor.default\">\n\t\t\t\t<div class=\"elementor-widget-container\">\n\t\t\t\t\t\t\t\t\t<p>Especialista en <strong>Ventas y Estrategias de Marketing Digital<\/strong> con m\u00e1s de <strong>10 a\u00f1os de experiencia<\/strong> en el sector. Ha ayudado\u00a0a empresas a <strong>escalar sus resultados<\/strong> a trav\u00e9s de estrategias digitales efectivas.<\/p><p>Como <strong>consultor en Estrategias de Marketing Digital<\/strong>, su enfoque est\u00e1 en la <strong>optimizaci\u00f3n del rendimiento, la conversi\u00f3n y el crecimiento sostenible<\/strong>, combinando datos, creatividad e innovaci\u00f3n para transformar negocios.<\/p>\t\t\t\t\t\t\t\t<\/div>\n\t\t\t\t<\/div>\n\t\t\t\t\t<\/div>\n\t\t<\/div>\n\t\t\t\t\t<\/div>\n\t\t<\/section>\n\t\t\t\t<section class=\"elementor-section elementor-inner-section elementor-element elementor-element-6d4e904 elementor-section-boxed elementor-section-height-default elementor-section-height-default\" data-id=\"6d4e904\" data-element_type=\"section\">\n\t\t\t\t\t\t<div class=\"elementor-container elementor-column-gap-default\">\n\t\t\t\t\t<div class=\"elementor-column elementor-col-50 elementor-inner-column elementor-element elementor-element-855bd35 elementor-invisible\" data-id=\"855bd35\" data-element_type=\"column\" data-settings=\"{&quot;animation&quot;:&quot;fadeIn&quot;}\">\n\t\t\t<div class=\"elementor-widget-wrap elementor-element-populated\">\n\t\t\t\t\t\t<div class=\"elementor-element elementor-element-7def297 elementor-widget elementor-widget-jkit_heading\" data-id=\"7def297\" data-element_type=\"widget\" data-widget_type=\"jkit_heading.default\">\n\t\t\t\t<div class=\"elementor-widget-container\">\n\t\t\t\t\t<div  class=\"jeg-elementor-kit jkit-heading  align- align-tablet- align-mobile- jeg_module__1_69eb9d11e8cd5\" ><h4 class=\"heading-section-subtitle  style-color\">COO y Cofundadora de WeRise Performance<\/h4><div class=\"heading-section-title  display-inline-block\"><h3 class=\"heading-title\">Jennifer Soriano<\/h3><\/div><\/div>\t\t\t\t<\/div>\n\t\t\t\t<\/div>\n\t\t\t\t<div class=\"elementor-element elementor-element-550fb75 elementor-widget elementor-widget-text-editor\" data-id=\"550fb75\" data-element_type=\"widget\" data-widget_type=\"text-editor.default\">\n\t\t\t\t<div class=\"elementor-widget-container\">\n\t\t\t\t\t\t\t\t\t<p>COO (<strong>Chief Operating Officer<\/strong>) y <strong>cofundadora de WeRise Performance<\/strong>, con <strong>4 a\u00f1os de experiencia<\/strong> en marketing digital y gesti\u00f3n empresarial. Su enfoque se centra en la <strong>comunicaci\u00f3n estrat\u00e9gica, la gesti\u00f3n operativa y la optimizaci\u00f3n de procesos<\/strong>, asegurando que cada proyecto se ejecute con eficiencia y excelencia.<\/p><p>Lidera la <strong>gesti\u00f3n activa de equipos y clientes<\/strong>, garantizando una comunicaci\u00f3n fluida, un seguimiento transparente y la implementaci\u00f3n de estrategias alineadas con los objetivos de cada negocio.\u00a0<\/p>\t\t\t\t\t\t\t\t<\/div>\n\t\t\t\t<\/div>\n\t\t\t\t\t<\/div>\n\t\t<\/div>\n\t\t\t\t<div class=\"elementor-column elementor-col-50 elementor-inner-column elementor-element elementor-element-44ed96e elementor-invisible\" data-id=\"44ed96e\" data-element_type=\"column\" data-settings=\"{&quot;background_background&quot;:&quot;classic&quot;,&quot;animation&quot;:&quot;fadeIn&quot;,&quot;animation_delay&quot;:500}\">\n\t\t\t<div class=\"elementor-widget-wrap elementor-element-populated\">\n\t\t\t\t\t\t<div class=\"elementor-element elementor-element-bd8129f elementor-widget elementor-widget-image\" data-id=\"bd8129f\" data-element_type=\"widget\" data-widget_type=\"image.default\">\n\t\t\t\t<div class=\"elementor-widget-container\">\n\t\t\t\t\t\t\t\t\t\t\t\t\t\t\t<img decoding=\"async\" width=\"713\" height=\"1024\" src=\"https:\/\/weriseperformance.com\/wp-content\/uploads\/2025\/01\/COO-Jennifer-Soriano-713x1024.webp\" class=\"attachment-large size-large wp-image-1467\" alt=\"\" srcset=\"https:\/\/weriseperformance.com\/wp-content\/uploads\/2025\/01\/COO-Jennifer-Soriano-713x1024.webp 713w, https:\/\/weriseperformance.com\/wp-content\/uploads\/2025\/01\/COO-Jennifer-Soriano-209x300.webp 209w, https:\/\/weriseperformance.com\/wp-content\/uploads\/2025\/01\/COO-Jennifer-Soriano-768x1102.webp 768w, https:\/\/weriseperformance.com\/wp-content\/uploads\/2025\/01\/COO-Jennifer-Soriano-1070x1536.webp 1070w, https:\/\/weriseperformance.com\/wp-content\/uploads\/2025\/01\/COO-Jennifer-Soriano.webp 1080w\" sizes=\"(max-width: 713px) 100vw, 713px\" \/>\t\t\t\t\t\t\t\t\t\t\t\t\t\t\t<\/div>\n\t\t\t\t<\/div>\n\t\t\t\t\t<\/div>\n\t\t<\/div>\n\t\t\t\t\t<\/div>\n\t\t<\/section>\n\t\t\t\t\t<\/div>\n\t\t<\/div>\n\t\t\t\t\t<\/div>\n\t\t<\/section>\n\t\t\t\t<section class=\"elementor-section elementor-top-section elementor-element elementor-element-6dff7953 elementor-section-boxed elementor-section-height-default elementor-section-height-default\" data-id=\"6dff7953\" data-element_type=\"section\">\n\t\t\t\t\t\t<div class=\"elementor-container elementor-column-gap-default\">\n\t\t\t\t\t<div class=\"elementor-column elementor-col-100 elementor-top-column elementor-element elementor-element-5e1994bf\" data-id=\"5e1994bf\" data-element_type=\"column\">\n\t\t\t<div class=\"elementor-widget-wrap elementor-element-populated\">\n\t\t\t\t\t\t<div class=\"elementor-element elementor-element-1b5c1dc4 elementor-widget-divider--view-line elementor-widget elementor-widget-divider\" data-id=\"1b5c1dc4\" data-element_type=\"widget\" data-widget_type=\"divider.default\">\n\t\t\t\t<div class=\"elementor-widget-container\">\n\t\t\t\t\t\t\t<div class=\"elementor-divider\">\n\t\t\t<span class=\"elementor-divider-separator\">\n\t\t\t\t\t\t<\/span>\n\t\t<\/div>\n\t\t\t\t\t\t<\/div>\n\t\t\t\t<\/div>\n\t\t\t\t<section class=\"elementor-section elementor-inner-section elementor-element elementor-element-1d37dda5 elementor-section-boxed elementor-section-height-default elementor-section-height-default\" data-id=\"1d37dda5\" data-element_type=\"section\">\n\t\t\t\t\t\t<div class=\"elementor-container elementor-column-gap-default\">\n\t\t\t\t\t<div class=\"elementor-column elementor-col-50 elementor-inner-column elementor-element elementor-element-52951ab5\" data-id=\"52951ab5\" data-element_type=\"column\">\n\t\t\t<div class=\"elementor-widget-wrap elementor-element-populated\">\n\t\t\t\t\t\t<div class=\"elementor-element elementor-element-63ff6b90 elementor-widget elementor-widget-jkit_heading\" data-id=\"63ff6b90\" data-element_type=\"widget\" data-widget_type=\"jkit_heading.default\">\n\t\t\t\t<div class=\"elementor-widget-container\">\n\t\t\t\t\t<div  class=\"jeg-elementor-kit jkit-heading  align- align-tablet- align-mobile- jeg_module__2_69eb9d11e93e8\" ><h4 class=\"heading-section-subtitle  style-color\">J\u00f3venes talentos<\/h4><div class=\"heading-section-title  display-inline-block\"><h3 class=\"heading-title\">\u00bfQu\u00e9 nos diferencia?<\/h3><\/div><\/div>\t\t\t\t<\/div>\n\t\t\t\t<\/div>\n\t\t\t\t\t<\/div>\n\t\t<\/div>\n\t\t\t\t<div class=\"elementor-column elementor-col-50 elementor-inner-column elementor-element elementor-element-1efa0ab9 elementor-hidden-tablet elementor-hidden-phone\" data-id=\"1efa0ab9\" data-element_type=\"column\">\n\t\t\t<div class=\"elementor-widget-wrap\">\n\t\t\t\t\t\t\t<\/div>\n\t\t<\/div>\n\t\t\t\t\t<\/div>\n\t\t<\/section>\n\t\t\t\t<section class=\"elementor-section elementor-inner-section elementor-element elementor-element-1259e546 elementor-section-boxed elementor-section-height-default elementor-section-height-default\" data-id=\"1259e546\" data-element_type=\"section\">\n\t\t\t\t\t\t<div class=\"elementor-container elementor-column-gap-default\">\n\t\t\t\t\t<div class=\"elementor-column elementor-col-50 elementor-inner-column elementor-element elementor-element-25f0b28f\" data-id=\"25f0b28f\" data-element_type=\"column\">\n\t\t\t<div class=\"elementor-widget-wrap elementor-element-populated\">\n\t\t\t\t\t\t<div class=\"elementor-element elementor-element-23524434 elementor-widget elementor-widget-text-editor\" data-id=\"23524434\" data-element_type=\"widget\" data-widget_type=\"text-editor.default\">\n\t\t\t\t<div class=\"elementor-widget-container\">\n\t\t\t\t\t\t\t\t\t<ul><li><strong>Resultados medibles:<\/strong> cada estrategia est\u00e1 orientada a la conversi\u00f3n y el crecimiento real de tu negocio.<\/li><li><strong>Optimizaci\u00f3n continua:<\/strong> no nos conformamos con peque\u00f1as mejoras, analizamos, ajustamos y escalamos constantemente.<\/li><\/ul>\t\t\t\t\t\t\t\t<\/div>\n\t\t\t\t<\/div>\n\t\t\t\t<div class=\"elementor-element elementor-element-58dbec81 elementor-widget elementor-widget-spacer\" data-id=\"58dbec81\" data-element_type=\"widget\" data-widget_type=\"spacer.default\">\n\t\t\t\t<div class=\"elementor-widget-container\">\n\t\t\t\t\t\t\t<div class=\"elementor-spacer\">\n\t\t\t<div class=\"elementor-spacer-inner\"><\/div>\n\t\t<\/div>\n\t\t\t\t\t\t<\/div>\n\t\t\t\t<\/div>\n\t\t\t\t\t<\/div>\n\t\t<\/div>\n\t\t\t\t<div class=\"elementor-column elementor-col-50 elementor-inner-column elementor-element elementor-element-bbf185c elementor-hidden-tablet elementor-hidden-phone\" data-id=\"bbf185c\" data-element_type=\"column\">\n\t\t\t<div class=\"elementor-widget-wrap elementor-element-populated\">\n\t\t\t\t\t\t<div class=\"elementor-element elementor-element-490e9ebd elementor-widget elementor-widget-text-editor\" data-id=\"490e9ebd\" data-element_type=\"widget\" data-widget_type=\"text-editor.default\">\n\t\t\t\t<div class=\"elementor-widget-container\">\n\t\t\t\t\t\t\t\t\t<ul><li><strong>Comunicaci\u00f3n fluida: <\/strong>te acompa\u00f1amos en cada fase, con seguimiento en <strong>Asana<\/strong> y contacto directo a trav\u00e9s de <strong>WhatsApp<\/strong>.<\/li><li><strong>Estrategias integradas:<\/strong> desde SEO y SEM hasta Social Media Ads y optimizaci\u00f3n de conversi\u00f3n (CRO), elegimos los canales que realmente te dar\u00e1n resultados.<\/li><\/ul>\t\t\t\t\t\t\t\t<\/div>\n\t\t\t\t<\/div>\n\t\t\t\t\t<\/div>\n\t\t<\/div>\n\t\t\t\t\t<\/div>\n\t\t<\/section>\n\t\t\t\t<div class=\"elementor-element elementor-element-6897faa2 elementor-widget-divider--view-line elementor-widget elementor-widget-divider\" data-id=\"6897faa2\" data-element_type=\"widget\" data-widget_type=\"divider.default\">\n\t\t\t\t<div class=\"elementor-widget-container\">\n\t\t\t\t\t\t\t<div class=\"elementor-divider\">\n\t\t\t<span class=\"elementor-divider-separator\">\n\t\t\t\t\t\t<\/span>\n\t\t<\/div>\n\t\t\t\t\t\t<\/div>\n\t\t\t\t<\/div>\n\t\t\t\t<section class=\"elementor-section elementor-inner-section elementor-element elementor-element-7b7ed59c elementor-section-boxed elementor-section-height-default elementor-section-height-default\" data-id=\"7b7ed59c\" data-element_type=\"section\">\n\t\t\t\t\t\t<div class=\"elementor-container elementor-column-gap-default\">\n\t\t\t\t\t<div class=\"elementor-column elementor-col-33 elementor-inner-column elementor-element elementor-element-2182dd1\" data-id=\"2182dd1\" data-element_type=\"column\">\n\t\t\t<div class=\"elementor-widget-wrap elementor-element-populated\">\n\t\t\t\t\t\t<div class=\"elementor-element elementor-element-4462b957 elementor-widget elementor-widget-jkit_fun_fact\" data-id=\"4462b957\" data-element_type=\"widget\" data-widget_type=\"jkit_fun_fact.default\">\n\t\t\t\t<div class=\"elementor-widget-container\">\n\t\t\t\t\t<div  class=\"jeg-elementor-kit jkit-fun-fact align-center hover-from-left elementor-animation- jeg_module__3_69eb9d11eab1b\" ><div class=\"fun-fact-inner\"><div class=\"icon elementor-animation-\"><\/div>\n            <div class=\"content\">\n                <div class=\"number-wrapper\"><span class=\"prefix\">+<\/span>\n        <span class=\"number\" data-value=\"5\" data-animation-duration=\"3500\">0<\/span>\n        <span class=\"suffix\">%<\/span><\/div>\n                <h4 class=\"title\">Tasa de Conversi\u00f3n (CRO)<\/h4>\n            <\/div>\n        <\/div><\/div>\t\t\t\t<\/div>\n\t\t\t\t<\/div>\n\t\t\t\t\t<\/div>\n\t\t<\/div>\n\t\t\t\t<div class=\"elementor-column elementor-col-33 elementor-inner-column elementor-element elementor-element-7160498f\" data-id=\"7160498f\" data-element_type=\"column\">\n\t\t\t<div class=\"elementor-widget-wrap elementor-element-populated\">\n\t\t\t\t\t\t<div class=\"elementor-element elementor-element-5d6f8858 elementor-widget elementor-widget-jkit_fun_fact\" data-id=\"5d6f8858\" data-element_type=\"widget\" data-widget_type=\"jkit_fun_fact.default\">\n\t\t\t\t<div class=\"elementor-widget-container\">\n\t\t\t\t\t<div  class=\"jeg-elementor-kit jkit-fun-fact align-center hover-from-left elementor-animation- jeg_module__4_69eb9d11ead9c\" ><div class=\"fun-fact-inner\"><div class=\"icon elementor-animation-\"><\/div>\n            <div class=\"content\">\n                <div class=\"number-wrapper\"><span class=\"prefix\">+<\/span>\n        <span class=\"number\" data-value=\"25\" data-animation-duration=\"3500\">0<\/span>\n        <span class=\"suffix\">%<\/span><\/div>\n                <h4 class=\"title\">Tr\u00e1fico Org\u00e1nico en 6 meses<\/h4>\n            <\/div>\n        <\/div><\/div>\t\t\t\t<\/div>\n\t\t\t\t<\/div>\n\t\t\t\t\t<\/div>\n\t\t<\/div>\n\t\t\t\t<div class=\"elementor-column elementor-col-33 elementor-inner-column elementor-element elementor-element-7b79822c\" data-id=\"7b79822c\" data-element_type=\"column\">\n\t\t\t<div class=\"elementor-widget-wrap elementor-element-populated\">\n\t\t\t\t\t\t<div class=\"elementor-element elementor-element-d2d4c17 elementor-widget elementor-widget-jkit_fun_fact\" data-id=\"d2d4c17\" data-element_type=\"widget\" data-widget_type=\"jkit_fun_fact.default\">\n\t\t\t\t<div class=\"elementor-widget-container\">\n\t\t\t\t\t<div  class=\"jeg-elementor-kit jkit-fun-fact align-center hover-from-left elementor-animation- jeg_module__5_69eb9d11eafb8\" ><div class=\"fun-fact-inner\"><div class=\"icon elementor-animation-\"><\/div>\n            <div class=\"content\">\n                <div class=\"number-wrapper\"><span class=\"prefix\">+<\/span>\n        <span class=\"number\" data-value=\"30\" data-animation-duration=\"3500\">0<\/span>\n        <span class=\"suffix\">%<\/span><\/div>\n                <h2 class=\"title\">de Facturaci\u00f3n en 1 A\u00f1o<\/h2>\n            <\/div>\n        <\/div><\/div>\t\t\t\t<\/div>\n\t\t\t\t<\/div>\n\t\t\t\t\t<\/div>\n\t\t<\/div>\n\t\t\t\t\t<\/div>\n\t\t<\/section>\n\t\t\t\t<div class=\"elementor-element elementor-element-2ee72388 elementor-widget-divider--view-line elementor-widget elementor-widget-divider\" data-id=\"2ee72388\" data-element_type=\"widget\" data-widget_type=\"divider.default\">\n\t\t\t\t<div class=\"elementor-widget-container\">\n\t\t\t\t\t\t\t<div class=\"elementor-divider\">\n\t\t\t<span class=\"elementor-divider-separator\">\n\t\t\t\t\t\t<\/span>\n\t\t<\/div>\n\t\t\t\t\t\t<\/div>\n\t\t\t\t<\/div>\n\t\t\t\t\t<\/div>\n\t\t<\/div>\n\t\t\t\t\t<\/div>\n\t\t<\/section>\n\t\t\t\t<\/div>","protected":false},"excerpt":{"rendered":"<p>Sobre WeRise Performance M\u00e1s que una agencia, tu socio en crecimiento real En WeRise Performance, no somos solo una agencia de marketing digital, somos el socio estrat\u00e9gico que tu negocio necesita. Desde que iniciamos en 2021, nuestro objetivo ha sido ir m\u00e1s all\u00e1 de los resultados convencionales. Hoy, nos hemos reinventado, evolucionando nuestro equipo, metodolog\u00eda [&hellip;]<\/p>\n","protected":false},"author":11,"featured_media":0,"parent":0,"menu_order":0,"comment_status":"closed","ping_status":"closed","template":"elementor_header_footer","meta":{"footnotes":""},"class_list":["post-177","page","type-page","status-publish","hentry"],"_links":{"self":[{"href":"https:\/\/weriseperformance.com\/en\/wp-json\/wp\/v2\/pages\/177","targetHints":{"allow":["GET"]}}],"collection":[{"href":"https:\/\/weriseperformance.com\/en\/wp-json\/wp\/v2\/pages"}],"about":[{"href":"https:\/\/weriseperformance.com\/en\/wp-json\/wp\/v2\/types\/page"}],"author":[{"embeddable":true,"href":"https:\/\/weriseperformance.com\/en\/wp-json\/wp\/v2\/users\/11"}],"replies":[{"embeddable":true,"href":"https:\/\/weriseperformance.com\/en\/wp-json\/wp\/v2\/comments?post=177"}],"version-history":[{"count":34,"href":"https:\/\/weriseperformance.com\/en\/wp-json\/wp\/v2\/pages\/177\/revisions"}],"predecessor-version":[{"id":3417,"href":"https:\/\/weriseperformance.com\/en\/wp-json\/wp\/v2\/pages\/177\/revisions\/3417"}],"wp:attachment":[{"href":"https:\/\/weriseperformance.com\/en\/wp-json\/wp\/v2\/media?parent=177"}],"curies":[{"name":"wp","href":"https:\/\/api.w.org\/{rel}","templated":true}]}}