{"id":3,"date":"2024-12-19T17:15:10","date_gmt":"2024-12-19T16:15:10","guid":{"rendered":"https:\/\/weriseperformance.com\/?page_id=3"},"modified":"2025-02-27T12:43:12","modified_gmt":"2025-02-27T11:43:12","slug":"politica-privacidad","status":"publish","type":"page","link":"https:\/\/weriseperformance.com\/en\/politica-privacidad\/","title":{"rendered":"Pol\u00edtica de privacidad"},"content":{"rendered":"<div data-elementor-type=\"wp-page\" data-elementor-id=\"3\" class=\"elementor elementor-3\" data-elementor-post-type=\"page\">\n\t\t\t\t<div class=\"elementor-element elementor-element-4cee91ff e-flex e-con-boxed e-con e-parent\" data-id=\"4cee91ff\" data-element_type=\"container\">\n\t\t\t\t\t<div class=\"e-con-inner\">\n\t\t\t\t<div class=\"elementor-element elementor-element-45a97113 elementor-widget elementor-widget-text-editor\" data-id=\"45a97113\" data-element_type=\"widget\" data-widget_type=\"text-editor.default\">\n\t\t\t\t<div class=\"elementor-widget-container\">\n\t\t\t\t\t\t\t\t\t\n<h2 class=\"wp-block-heading\">Qui\u00e9nes somos<\/h2>\n\n\n\n<p>Identidad: WeRise Performance S.L.<br>Domicilio social: C\/ de la Creu Roja, Bloque 6, 15, Patraix, 46014 Valencia<br>CIF: B75642546,<br>Tel\u00e9fono: +34 698 91 06 71<br>Correo Electr\u00f3nico: info@weriseperformance.com<br>Contacto: Beslan Mamedovi<br>Nombre del dominio: <a href=\"https:\/\/weriseperformance.com\/en\/\">https:\/\/weriseperformance.com\/<\/a><\/p>\n\n\n\n<h2 class=\"wp-block-heading\">Finalidad en el tratamiento de tus datos.<\/h2>\n\n\n\n<p>En cumplimiento de lo dispuesto en el Reglamento Europeo 2016\/679 General de Protecci\u00f3n de Datos, te informamos de que trataremos los datos que nos facilitas para:<\/p>\n\n\n\n<p>Cesi\u00f3n de datos a organismos y autoridades, siempre y cuando sean requeridos de conformidad con las disposiciones legales y reglamentarias.<\/p>\n\n\n\n<p>Gestionar la contrataci\u00f3n de servicios que realice a trav\u00e9s de la web, as\u00ed como la facturaci\u00f3n y entrega correspondiente.<\/p>\n\n\n\n<p>Remitir peri\u00f3dicamente comunicaciones sobre servicios, eventos y noticias relacionadas con las actividades desarrolladas por WeRise Performance S. L., por cualquier medio (tel\u00e9fono, correo postal o email), salvo que se indique lo contrario o el usuario se oponga o revoque su consentimiento.<\/p>\n\n\n\n<p>Remitir informaci\u00f3n comercial y \/ o promocional relacionada con el sector de servicios contratados y valor a\u00f1adido para usuarios finales, salvo que se indique lo contrario o el usuario se oponga o revoque su consentimiento.<\/p>\n\n\n\n<p>Dar cumplimiento a las obligaciones legalmente establecidas, as\u00ed como verificar el cumplimiento de las obligaciones contractuales, inclu\u00eda la prevenci\u00f3n de fraude.<\/p>\n\n\n\n<h2 class=\"wp-block-heading\">C\u00f3mo tratamos tus datos<\/h2>\n\n\n\n<p>Derivada de las finalidades antes mencionadas, en WeRise Performance S. L. gestionamos las siguientes categor\u00edas de datos:<\/p>\n\n\n\n<p>No obstante, WeRise Performance S. L. podr\u00e1 llevar a cabo las verificaciones para constatar este hecho, adoptando las medidas de diligencia debida que correspondan, conforme a la normativa de protecci\u00f3n de datos.<\/p>\n\n\n\n<ul class=\"wp-block-list\">\n<li>Datos identificativos.<\/li>\n\n\n\n<li>Metadatos de comunicaciones electr\u00f3nicas.<\/li>\n\n\n\n<li>Datos de informaci\u00f3n comercial. En caso de que el usuario facilite datos de terceros, manifiesta contar con el consentimiento de estos y se compromete a trasladar la informaci\u00f3n contenida en esta cl\u00e1usula, eximiendo a WeRise Performance S. L. de cualquier responsabilidad en este sentido.<br>No obstante, WeRise Performance S. L. podr\u00e1 llevar a cabo las verificaciones para constatar este hecho, adoptando las medidas de diligencia debida que correspondan, conforme a la normativa de protecci\u00f3n de dato<\/li>\n<\/ul>\n\n\n\n<h2 class=\"wp-block-heading\">Legitimaci\u00f3n<\/h2>\n\n\n\n<p>El tratamiento de datos cuyo fin es el env\u00edo de boletines peri\u00f3dicos (newsletter) sobre servicios, eventos y noticias relacionadas con nuestra actividad profesional se basa en el consentimiento del interesado, solicitado expresamente para llevar a cabo dichos tratamientos, de acuerdo con la normativa vigente.<br>Adem\u00e1s, la legitimaci\u00f3n para el tratamiento de los datos relacionados con ofertas o colaboraciones se basan en el consentimiento del usuario que remite sus datos, que puede retirar en cualquier momento, si bien ello puede afectar a la posible comunicaci\u00f3n de forma fluida y obstrucci\u00f3n de procesos que desea realizar.<br>Por \u00faltimo, los datos se podr\u00e1n utilizar para dar cumplimiento a las obligaciones legales aplicables a WeRise Performance S. L.<\/p>\n\n\n\n<h2 class=\"wp-block-heading\">Conservaci\u00f3n de las datos<\/h2>\n\n\n\n<p>WeRise Performance S.L. conservar\u00e1 los datos personales de los usuarios \u00fanicamente durante el tiempo necesario para la realizaci\u00f3n de las finalidades para las que fueron recogidos, mientras no revoque los consentimientos otorgados. Posteriormente, en caso de ser necesario, mantendr\u00e1 la informaci\u00f3n bloqueada durante los plazos legalmente establecidos.<\/p>\n\n\n\n<h2 class=\"wp-block-heading\">Destinatarios<\/h2>\n\n\n\n<p>Tus datos podr\u00e1n ser accedidos por aquellos proveedores que prestan servicios a WeRise Performance S.L., tales como servicios de alojamiento, herramientas de marketing y sistemas de contenido u otros profesionales, cuando dicha comunicaci\u00f3n sea necesaria normativamente, o para la ejecuci\u00f3n de los servicios contratados.<br>WeRise Performance S.L. ha suscrito los correspondientes contratos de encargo de tratamiento con cada uno de los proveedores que prestan servicios a WeRise Performance S.L., con el objetivo de garantizar que dichos proveedores traten tus datos de conformidad con lo establecido en la legislaci\u00f3n vigente.<br>Tambi\u00e9n podr\u00e1n ser cedidos a las Fuerzas y Cuerpos de Seguridad del Estado en los casos que exista una obligaci\u00f3n legal.<br>Bancos y entidades financieras, para el cobro de los servicios.<br>Administraciones p\u00fablicas con competencia en los sectores de actividad, cuando as\u00ed lo establezca la normativa vigente.<\/p>\n\n\n\n<h2 class=\"wp-block-heading\">Seguridad de la informaci\u00f3n<\/h2>\n\n\n\n<p>Para proteger las diferentes tipolog\u00edas de datos reflejados en esta pol\u00edtica de privacidad llevar\u00e1 a cabo las medidas de seguridad t\u00e9cnicas necesarias para evitar su p\u00e9rdida, manipulaci\u00f3n, difusi\u00f3n o alteraci\u00f3n.<br>Encriptaci\u00f3n de las comunicaciones entre el dispositivo del usuario y los servidores de WeRise Performance S.L.<br>Encriptaci\u00f3n de la informaci\u00f3n en los propios servidores de WeRise Performance S.L.<br>Otras medidas que eviten el acceso a los datos del usuario por parte de terceros.<br>En aquellos casos en los que WeRise Performance S.L. cuente con prestadores de servicio para el mantenimiento de la web que se encuentren fuera de la Uni\u00f3n Europea, estas transferencias internacionales se han regularizado atendiendo al compromiso de WeRise Performance S.L. con la protecci\u00f3n, integridad y seguridad de los datos personales de los usuarios.<\/p>\n\n\n\n<h2 class=\"wp-block-heading\">Derechos<\/h2>\n\n\n\n<p>Tienes derecho a obtener confirmaci\u00f3n sobre si en WeRise Performance S.L. estamos tratando datos personales que te conciernan, o no.<br>Asimismo, tienes derecho a acceder a tus datos personales, as\u00ed como a solicitar la rectificaci\u00f3n de los datos inexactos o, en su caso, solicitar su supresi\u00f3n cuando, entre otros motivos, los datos ya no sean necesarios para los fines que fueron recogidos.<br>En determinadas circunstancias, podr\u00e1s solicitar la limitaci\u00f3n del tratamiento de tus datos, en cuyo caso \u00fanicamente los conservaremos para el ejercicio o la defensa de reclamaciones.<br>En determinadas circunstancias y por motivos relacionados con tu situaci\u00f3n particular, podr\u00e1s oponerte al tratamiento de tus datos. WeRise Performance S.L. dejar\u00e1 de tratar los datos, salvo por motivos leg\u00edtimos imperiosos, o el ejercicio o la defensa de posibles reclamaciones.<br>Asimismo, puedes ejercer el derecho a la portabilidad de los datos, as\u00ed como retirar los consentimientos facilitados en cualquier momento, sin que ello afecte a la licitud del tratamiento basado en el consentimiento previo a su retirada.<br>Si deseas hacer uso de cualquiera de tus derechos puede dirigirse a <a href=\"mailto:info@weriseperformance.com\">info@weriseperformance.com<\/a><br>Por \u00faltimo, te informamos que puedes dirigirte ante la Agencia Espa\u00f1ola de Protecci\u00f3n de Datos y dem\u00e1s organismos p\u00fablicos competentes para cualquier reclamaci\u00f3n derivada del tratamiento de tus datos personales.<\/p>\n\n\n\n<h2 class=\"wp-block-heading\">Modificaci\u00f3n de la pol\u00edtica de privacidad<\/h2>\n\n\n\n<p>WeRise Performance S. L. podr\u00e1 modificar la presente Pol\u00edtica de Privacidad en cualquier momento, siendo publicadas las sucesivas versiones en el Sitio Web.<\/p>\n\n\n\n<p>La presente Pol\u00edtica de Privacidad se encuentra actualizada a fecha 27\/02\/2025. WeRise Performance S. L. (Espa\u00f1a). Reservados todos los derechos.<\/p>\n\n\n\n<p>Si lo deseas tambi\u00e9n puedes consultar nuestra Pol\u00edtica de Cookies.<\/p>\n\t\t\t\t\t\t\t\t<\/div>\n\t\t\t\t<\/div>\n\t\t\t\t\t<\/div>\n\t\t\t\t<\/div>\n\t\t\t\t<\/div>","protected":false},"excerpt":{"rendered":"<p>Qui\u00e9nes somos Identidad: WeRise Performance S.L.Domicilio social: C\/ de la Creu Roja, Bloque 6, 15, Patraix, 46014 ValenciaCIF: B75642546,Tel\u00e9fono: +34 698 91 06 71Correo Electr\u00f3nico: info@weriseperformance.comContacto: Beslan MamedoviNombre del dominio: https:\/\/weriseperformance.com\/ Finalidad en el tratamiento de tus datos. En cumplimiento de lo dispuesto en el Reglamento Europeo 2016\/679 General de Protecci\u00f3n de Datos, te informamos [&hellip;]<\/p>\n","protected":false},"author":11,"featured_media":0,"parent":0,"menu_order":0,"comment_status":"closed","ping_status":"open","template":"","meta":{"footnotes":""},"class_list":["post-3","page","type-page","status-publish","hentry"],"_links":{"self":[{"href":"https:\/\/weriseperformance.com\/en\/wp-json\/wp\/v2\/pages\/3","targetHints":{"allow":["GET"]}}],"collection":[{"href":"https:\/\/weriseperformance.com\/en\/wp-json\/wp\/v2\/pages"}],"about":[{"href":"https:\/\/weriseperformance.com\/en\/wp-json\/wp\/v2\/types\/page"}],"author":[{"embeddable":true,"href":"https:\/\/weriseperformance.com\/en\/wp-json\/wp\/v2\/users\/11"}],"replies":[{"embeddable":true,"href":"https:\/\/weriseperformance.com\/en\/wp-json\/wp\/v2\/comments?post=3"}],"version-history":[{"count":4,"href":"https:\/\/weriseperformance.com\/en\/wp-json\/wp\/v2\/pages\/3\/revisions"}],"predecessor-version":[{"id":3149,"href":"https:\/\/weriseperformance.com\/en\/wp-json\/wp\/v2\/pages\/3\/revisions\/3149"}],"wp:attachment":[{"href":"https:\/\/weriseperformance.com\/en\/wp-json\/wp\/v2\/media?parent=3"}],"curies":[{"name":"wp","href":"https:\/\/api.w.org\/{rel}","templated":true}]}}