{"id":3224,"date":"2025-03-20T11:58:22","date_gmt":"2025-03-20T10:58:22","guid":{"rendered":"https:\/\/weriseperformance.com\/?page_id=3224"},"modified":"2025-04-14T14:08:00","modified_gmt":"2025-04-14T12:08:00","slug":"aviso-legal-y-politica-de-cookies","status":"publish","type":"page","link":"https:\/\/weriseperformance.com\/en\/aviso-legal-y-politica-de-cookies\/","title":{"rendered":"Aviso Legal y Pol\u00edtica de Cookies"},"content":{"rendered":"<div data-elementor-type=\"wp-page\" data-elementor-id=\"3224\" class=\"elementor elementor-3224\" data-elementor-post-type=\"page\">\n\t\t\t\t<div class=\"elementor-element elementor-element-4cee91ff e-flex e-con-boxed e-con e-parent\" data-id=\"4cee91ff\" data-element_type=\"container\" data-e-type=\"container\">\n\t\t\t\t\t<div class=\"e-con-inner\">\n\t\t\t\t<div class=\"elementor-element elementor-element-45a97113 elementor-widget elementor-widget-text-editor\" data-id=\"45a97113\" data-element_type=\"widget\" data-e-type=\"widget\" data-widget_type=\"text-editor.default\">\n\t\t\t\t<div class=\"elementor-widget-container\">\n\t\t\t\t\t\t\t\t\t\n<p data-pm-slice=\"1 1 []\"><strong>AVISO LEGAL<\/strong><\/p>\n<p>En cumplimiento con el deber de informaci\u00f3n establecido en la Ley 34\/2002, de Servicios de la Sociedad de la Informaci\u00f3n y del Comercio Electr\u00f3nico (LSSI-CE), se facilita la siguiente informaci\u00f3n:<\/p>\n<ul data-spread=\"false\">\n<li>\n<p><strong>Identidad<\/strong>: WeRise Performance S.L.<\/p>\n<\/li>\n<li>\n<p><strong>Domicilio social<\/strong>: C\/ de la Creu Roja, Bloque 6, 15, Patraix, 46014 Valencia<\/p>\n<\/li>\n<li>\n<p><strong>CIF<\/strong>: B75642546<\/p>\n<\/li>\n<li>\n<p><strong>Tel\u00e9fono<\/strong>: +34 698 91 06 71<\/p>\n<\/li>\n<li>\n<p><strong>Correo Electr\u00f3nico<\/strong>: <a>info@weriseperformance.com<\/a><\/p>\n<\/li>\n<li>\n<p><strong>Responsable<\/strong>: Beslan Mamedovi<\/p>\n<\/li>\n<li>\n<p><strong>Nombre del dominio<\/strong>: <a>https:\/\/weriseperformance.com\/<\/a><\/p>\n<\/li>\n<\/ul>\n<h3 class=\"wp-block-heading\">Condiciones de Uso<\/h3>\n<p>El acceso y uso de este sitio web atribuye la condici\u00f3n de usuario, quien acepta, desde dicho acceso y uso, las condiciones aqu\u00ed reflejadas. WeRise Performance S.L. se reserva el derecho de modificar en cualquier momento la presentaci\u00f3n y configuraci\u00f3n del sitio web, as\u00ed como las condiciones generales de uso.<\/p>\n<p>El usuario se compromete a hacer un uso adecuado del contenido y servicios de este sitio web, y a no emplearlos para actividades il\u00edcitas, contrarias a la buena fe o al orden p\u00fablico.<\/p>\n<h3>Propiedad Intelectual e Industrial<\/h3>\n<p>Los contenidos, dise\u00f1o, estructura y c\u00f3digo fuente de este sitio web son propiedad de WeRise Performance S.L. o, en su caso, de terceros con autorizaci\u00f3n. Queda prohibida la reproducci\u00f3n, distribuci\u00f3n, comercializaci\u00f3n o transformaci\u00f3n de los contenidos sin la autorizaci\u00f3n expresa del titular.<\/p>\n<h3>Responsabilidad<\/h3>\n<p>WeRise Performance S.L. no se responsabiliza de los da\u00f1os o perjuicios que pudieran derivarse del acceso, uso o mala utilizaci\u00f3n de los contenidos de este sitio web. Asimismo, no se hace responsable de los posibles errores de seguridad ni de los da\u00f1os que pudieran causarse al sistema inform\u00e1tico del usuario como consecuencia de la presencia de virus en su equipo.<\/p>\n<h3>Legislaci\u00f3n y Jurisdicci\u00f3n Aplicable<\/h3>\n<p>Las relaciones entre WeRise Performance S.L. y los usuarios de este sitio web se rigen por la normativa espa\u00f1ola vigente y cualquier controversia se someter\u00e1 a los Juzgados y Tribunales de Valencia.<\/p>\n<div><hr \/><\/div>\n<p><strong>POL\u00cdTICA DE COOKIES<\/strong><\/p>\n<h3>\u00bfQu\u00e9 son las cookies?<\/h3>\n<p>Las cookies son peque\u00f1os archivos de texto que se almacenan en el dispositivo del usuario cuando visita un sitio web. Su finalidad es mejorar la experiencia del usuario, permitiendo recordar preferencias, analizar el uso del sitio web y ofrecer contenidos personalizados.<\/p>\n<h3>Tipos de cookies utilizadas<\/h3>\n<p>Nuestro sitio web utiliza las siguientes cookies:<\/p>\n<ul data-spread=\"false\">\n<li>\n<p><strong>Cookies t\u00e9cnicas<\/strong>: Esenciales para el correcto funcionamiento del sitio web.<\/p>\n<\/li>\n<li>\n<p><strong>Cookies de an\u00e1lisis<\/strong>: Nos permiten analizar el uso que hacen los usuarios de nuestro sitio web para mejorar su rendimiento.<\/p>\n<\/li>\n<li>\n<p><strong>Cookies de personalizaci\u00f3n<\/strong>: Permiten recordar preferencias y mejorar la experiencia del usuario.<\/p>\n<\/li>\n<li>\n<p><strong>Cookies de publicidad<\/strong>: Utilizadas para gestionar los espacios publicitarios y ofrecer anuncios personalizados.<\/p>\n<\/li>\n<\/ul>\n<h3>Configuraci\u00f3n y eliminaci\u00f3n de cookies<\/h3>\n<p>El usuario puede gestionar y deshabilitar las cookies a trav\u00e9s de la configuraci\u00f3n de su navegador. A continuaci\u00f3n, se proporcionan enlaces a la gesti\u00f3n de cookies en los principales navegadores:<\/p>\n<ul data-spread=\"false\">\n<li>\n<p><a>Google Chrome<\/a><\/p>\n<\/li>\n<li>\n<p><a href=\"https:\/\/support.mozilla.org\/es\/kb\/Deshabilitar%20cookies%20de%20terceros\" target=\"_blank\" rel=\"noopener\">Mozilla Firefox<\/a><\/p>\n<\/li>\n<li>\n<p><a href=\"https:\/\/support.apple.com\/es-es\/HT201265\" target=\"_blank\" rel=\"noopener\">Safari<\/a><\/p>\n<\/li>\n<li>\n<p><a href=\"https:\/\/support.microsoft.com\/es-es\/help\/4027947\/microsoft-edge-delete-cookies\" target=\"_blank\" rel=\"noopener\">Microsoft Edge<\/a><\/p>\n<\/li>\n<\/ul>\n<h3>Aceptaci\u00f3n de la Pol\u00edtica de Cookies<\/h3>\n<p>Al continuar navegando en nuestro sitio web, el usuario acepta el uso de cookies en los t\u00e9rminos establecidos en la presente pol\u00edtica.<\/p>\n<p>Para m\u00e1s informaci\u00f3n sobre el uso de cookies en nuestro sitio web, puede contactarnos en <a>info@weriseperformance.com<\/a>.<\/p>\n\t\t\t\t\t\t\t\t<\/div>\n\t\t\t\t<\/div>\n\t\t\t\t\t<\/div>\n\t\t\t\t<\/div>\n\t\t\t\t<\/div>","protected":false},"excerpt":{"rendered":"<p>AVISO LEGAL En cumplimiento con el deber de informaci\u00f3n establecido en la Ley 34\/2002, de Servicios de la Sociedad de la Informaci\u00f3n y del Comercio Electr\u00f3nico (LSSI-CE), se facilita la siguiente informaci\u00f3n: Identidad: WeRise Performance S.L. Domicilio social: C\/ de la Creu Roja, Bloque 6, 15, Patraix, 46014 Valencia CIF: B75642546 Tel\u00e9fono: +34 698 91 [&hellip;]<\/p>\n","protected":false},"author":11,"featured_media":0,"parent":0,"menu_order":0,"comment_status":"closed","ping_status":"open","template":"","meta":{"footnotes":""},"class_list":["post-3224","page","type-page","status-publish","hentry"],"_links":{"self":[{"href":"https:\/\/weriseperformance.com\/en\/wp-json\/wp\/v2\/pages\/3224","targetHints":{"allow":["GET"]}}],"collection":[{"href":"https:\/\/weriseperformance.com\/en\/wp-json\/wp\/v2\/pages"}],"about":[{"href":"https:\/\/weriseperformance.com\/en\/wp-json\/wp\/v2\/types\/page"}],"author":[{"embeddable":true,"href":"https:\/\/weriseperformance.com\/en\/wp-json\/wp\/v2\/users\/11"}],"replies":[{"embeddable":true,"href":"https:\/\/weriseperformance.com\/en\/wp-json\/wp\/v2\/comments?post=3224"}],"version-history":[{"count":6,"href":"https:\/\/weriseperformance.com\/en\/wp-json\/wp\/v2\/pages\/3224\/revisions"}],"predecessor-version":[{"id":3230,"href":"https:\/\/weriseperformance.com\/en\/wp-json\/wp\/v2\/pages\/3224\/revisions\/3230"}],"wp:attachment":[{"href":"https:\/\/weriseperformance.com\/en\/wp-json\/wp\/v2\/media?parent=3224"}],"curies":[{"name":"wp","href":"https:\/\/api.w.org\/{rel}","templated":true}]}}