{"id":3572,"date":"2025-04-29T14:58:21","date_gmt":"2025-04-29T12:58:21","guid":{"rendered":"https:\/\/weriseperformance.com\/?page_id=3572"},"modified":"2025-12-16T17:59:37","modified_gmt":"2025-12-16T16:59:37","slug":"nuestro-blog","status":"publish","type":"page","link":"https:\/\/weriseperformance.com\/en\/nuestro-blog\/","title":{"rendered":"Nuestro Blog"},"content":{"rendered":"<div data-elementor-type=\"wp-page\" data-elementor-id=\"3572\" class=\"elementor elementor-3572\" data-elementor-post-type=\"page\">\n\t\t\t\t<div class=\"elementor-element elementor-element-38e75e1 e-flex e-con-boxed e-con e-parent\" data-id=\"38e75e1\" data-element_type=\"container\">\n\t\t\t\t\t<div class=\"e-con-inner\">\n\t\t\t\t<div class=\"elementor-element elementor-element-4a0552f elementor-widget elementor-widget-heading\" data-id=\"4a0552f\" data-element_type=\"widget\" data-widget_type=\"heading.default\">\n\t\t\t\t<div class=\"elementor-widget-container\">\n\t\t\t\t\t<h2 class=\"elementor-heading-title elementor-size-default\">Nuestro Blog<\/h2>\t\t\t\t<\/div>\n\t\t\t\t<\/div>\n\t\t\t\t\t<\/div>\n\t\t\t\t<\/div>\n\t\t<div class=\"elementor-element elementor-element-23aea26 e-flex e-con-boxed e-con e-parent\" data-id=\"23aea26\" data-element_type=\"container\">\n\t\t\t\t\t<div class=\"e-con-inner\">\n\t\t\t\t<div class=\"elementor-element elementor-element-602d23c elementor-grid-2 elementor-posts--thumbnail-none elementor-grid-tablet-2 elementor-grid-mobile-1 elementor-widget elementor-widget-posts\" data-id=\"602d23c\" data-element_type=\"widget\" data-settings=\"{&quot;classic_columns&quot;:&quot;2&quot;,&quot;pagination_type&quot;:&quot;numbers&quot;,&quot;classic_columns_tablet&quot;:&quot;2&quot;,&quot;classic_columns_mobile&quot;:&quot;1&quot;,&quot;classic_row_gap&quot;:{&quot;unit&quot;:&quot;px&quot;,&quot;size&quot;:35,&quot;sizes&quot;:[]},&quot;classic_row_gap_tablet&quot;:{&quot;unit&quot;:&quot;px&quot;,&quot;size&quot;:&quot;&quot;,&quot;sizes&quot;:[]},&quot;classic_row_gap_mobile&quot;:{&quot;unit&quot;:&quot;px&quot;,&quot;size&quot;:&quot;&quot;,&quot;sizes&quot;:[]}}\" data-widget_type=\"posts.classic\">\n\t\t\t\t<div class=\"elementor-widget-container\">\n\t\t\t\t\t\t\t<div class=\"elementor-posts-container elementor-posts elementor-posts--skin-classic elementor-grid\">\n\t\t\t\t<article class=\"elementor-post elementor-grid-item post-4428 post type-post status-publish format-standard hentry category-sin-categoria\">\n\t\t\t\t<div class=\"elementor-post__text\">\n\t\t\t\t<h3 class=\"elementor-post__title\">\n\t\t\t<a href=\"https:\/\/weriseperformance.com\/en\/cuanto-cuesta-google-ads-2026\/\" >\n\t\t\t\tCu\u00e1nto cuesta realmente una campa\u00f1a de Google Ads en 2026 (y cu\u00e1nto deber\u00edas facturar con ella)\t\t\t<\/a>\n\t\t<\/h3>\n\t\t\t\t<div class=\"elementor-post__meta-data\">\n\t\t\t\t\t<span class=\"elementor-post-date\">\n\t\t\t14 de April de 2026\t\t<\/span>\n\t\t\t\t<\/div>\n\t\t\n\t\t<a class=\"elementor-post__read-more\" href=\"https:\/\/weriseperformance.com\/en\/cuanto-cuesta-google-ads-2026\/\" aria-label=\"Read more about Cu\u00e1nto cuesta realmente una campa\u00f1a de Google Ads en 2026 (y cu\u00e1nto deber\u00edas facturar con ella)\" tabindex=\"-1\" >\n\t\t\tVer post \u00bb\t\t<\/a>\n\n\t\t\t\t<\/div>\n\t\t\t\t<\/article>\n\t\t\t\t<article class=\"elementor-post elementor-grid-item post-4425 post type-post status-publish format-standard has-post-thumbnail hentry category-sin-categoria\">\n\t\t\t\t<div class=\"elementor-post__text\">\n\t\t\t\t<h3 class=\"elementor-post__title\">\n\t\t\t<a href=\"https:\/\/weriseperformance.com\/en\/marketing-a-comision-pagar-resultados\/\" >\n\t\t\t\tMarketing a comisi\u00f3n: qu\u00e9 es, c\u00f3mo funciona y por qu\u00e9 las mejores agencias lo ofrecen en 2026\t\t\t<\/a>\n\t\t<\/h3>\n\t\t\t\t<div class=\"elementor-post__meta-data\">\n\t\t\t\t\t<span class=\"elementor-post-date\">\n\t\t\t14 de April de 2026\t\t<\/span>\n\t\t\t\t<\/div>\n\t\t\n\t\t<a class=\"elementor-post__read-more\" href=\"https:\/\/weriseperformance.com\/en\/marketing-a-comision-pagar-resultados\/\" aria-label=\"Read more about Marketing a comisi\u00f3n: qu\u00e9 es, c\u00f3mo funciona y por qu\u00e9 las mejores agencias lo ofrecen en 2026\" tabindex=\"-1\" >\n\t\t\tVer post \u00bb\t\t<\/a>\n\n\t\t\t\t<\/div>\n\t\t\t\t<\/article>\n\t\t\t\t<article class=\"elementor-post elementor-grid-item post-4419 post type-post status-publish format-standard hentry category-sin-categoria\">\n\t\t\t\t<div class=\"elementor-post__text\">\n\t\t\t\t<h3 class=\"elementor-post__title\">\n\t\t\t<a href=\"https:\/\/weriseperformance.com\/en\/por-que-elegir-una-agencia-de-marketing-digital\/\" >\n\t\t\t\t\u00bfPor Qu\u00e9 Elegir Una Agencia De Marketing Digital?\t\t\t<\/a>\n\t\t<\/h3>\n\t\t\t\t<div class=\"elementor-post__meta-data\">\n\t\t\t\t\t<span class=\"elementor-post-date\">\n\t\t\t16 de March de 2026\t\t<\/span>\n\t\t\t\t<\/div>\n\t\t\n\t\t<a class=\"elementor-post__read-more\" href=\"https:\/\/weriseperformance.com\/en\/por-que-elegir-una-agencia-de-marketing-digital\/\" aria-label=\"Read more about \u00bfPor Qu\u00e9 Elegir Una Agencia De Marketing Digital?\" tabindex=\"-1\" >\n\t\t\tVer post \u00bb\t\t<\/a>\n\n\t\t\t\t<\/div>\n\t\t\t\t<\/article>\n\t\t\t\t<article class=\"elementor-post elementor-grid-item post-4411 post type-post status-publish format-standard has-post-thumbnail hentry category-sin-categoria\">\n\t\t\t\t<div class=\"elementor-post__text\">\n\t\t\t\t<h3 class=\"elementor-post__title\">\n\t\t\t<a href=\"https:\/\/weriseperformance.com\/en\/clientes-potenciales-meta-ads\/\" >\n\t\t\t\tCaptaci\u00f3n de clientes potenciales con Meta Ads en 2026: c\u00f3mo generar leads reales y no formularios vac\u00edos\t\t\t<\/a>\n\t\t<\/h3>\n\t\t\t\t<div class=\"elementor-post__meta-data\">\n\t\t\t\t\t<span class=\"elementor-post-date\">\n\t\t\t12 de March de 2026\t\t<\/span>\n\t\t\t\t<\/div>\n\t\t\n\t\t<a class=\"elementor-post__read-more\" href=\"https:\/\/weriseperformance.com\/en\/clientes-potenciales-meta-ads\/\" aria-label=\"Read more about Captaci\u00f3n de clientes potenciales con Meta Ads en 2026: c\u00f3mo generar leads reales y no formularios vac\u00edos\" tabindex=\"-1\" >\n\t\t\tVer post \u00bb\t\t<\/a>\n\n\t\t\t\t<\/div>\n\t\t\t\t<\/article>\n\t\t\t\t<article class=\"elementor-post elementor-grid-item post-4399 post type-post status-publish format-standard hentry category-sin-categoria\">\n\t\t\t\t<div class=\"elementor-post__text\">\n\t\t\t\t<h3 class=\"elementor-post__title\">\n\t\t\t<a href=\"https:\/\/weriseperformance.com\/en\/agencia-de-leads-a-comision\/\" >\n\t\t\t\tAgencia de leads a comisi\u00f3n: c\u00f3mo funciona el modelo en el que solo pagas por lead v\u00e1lido\t\t\t<\/a>\n\t\t<\/h3>\n\t\t\t\t<div class=\"elementor-post__meta-data\">\n\t\t\t\t\t<span class=\"elementor-post-date\">\n\t\t\t5 de March de 2026\t\t<\/span>\n\t\t\t\t<\/div>\n\t\t\n\t\t<a class=\"elementor-post__read-more\" href=\"https:\/\/weriseperformance.com\/en\/agencia-de-leads-a-comision\/\" aria-label=\"Read more about Agencia de leads a comisi\u00f3n: c\u00f3mo funciona el modelo en el que solo pagas por lead v\u00e1lido\" tabindex=\"-1\" >\n\t\t\tVer post \u00bb\t\t<\/a>\n\n\t\t\t\t<\/div>\n\t\t\t\t<\/article>\n\t\t\t\t<article class=\"elementor-post elementor-grid-item post-4394 post type-post status-publish format-standard has-post-thumbnail hentry category-sin-categoria\">\n\t\t\t\t<div class=\"elementor-post__text\">\n\t\t\t\t<h3 class=\"elementor-post__title\">\n\t\t\t<a href=\"https:\/\/weriseperformance.com\/en\/marketing-de-performance-en-2026-paga-solo-por-resultados-y-escala-sin-riesgo\/\" >\n\t\t\t\tMarketing de performance en 2026: paga solo por resultados y escala sin riesgo\t\t\t<\/a>\n\t\t<\/h3>\n\t\t\t\t<div class=\"elementor-post__meta-data\">\n\t\t\t\t\t<span class=\"elementor-post-date\">\n\t\t\t23 de February de 2026\t\t<\/span>\n\t\t\t\t<\/div>\n\t\t\n\t\t<a class=\"elementor-post__read-more\" href=\"https:\/\/weriseperformance.com\/en\/marketing-de-performance-en-2026-paga-solo-por-resultados-y-escala-sin-riesgo\/\" aria-label=\"Read more about Marketing de performance en 2026: paga solo por resultados y escala sin riesgo\" tabindex=\"-1\" >\n\t\t\tVer post \u00bb\t\t<\/a>\n\n\t\t\t\t<\/div>\n\t\t\t\t<\/article>\n\t\t\t\t<article class=\"elementor-post elementor-grid-item post-4389 post type-post status-publish format-standard has-post-thumbnail hentry category-sin-categoria\">\n\t\t\t\t<div class=\"elementor-post__text\">\n\t\t\t\t<h3 class=\"elementor-post__title\">\n\t\t\t<a href=\"https:\/\/weriseperformance.com\/en\/agencia-publicidad-valencia-performance-2026\/\" >\n\t\t\t\tAgencia de publicidad en Valencia en 2026: por qu\u00e9 el modelo performance es el futuro\t\t\t<\/a>\n\t\t<\/h3>\n\t\t\t\t<div class=\"elementor-post__meta-data\">\n\t\t\t\t\t<span class=\"elementor-post-date\">\n\t\t\t5 de February de 2026\t\t<\/span>\n\t\t\t\t<\/div>\n\t\t\n\t\t<a class=\"elementor-post__read-more\" href=\"https:\/\/weriseperformance.com\/en\/agencia-publicidad-valencia-performance-2026\/\" aria-label=\"Read more about Agencia de publicidad en Valencia en 2026: por qu\u00e9 el modelo performance es el futuro\" tabindex=\"-1\" >\n\t\t\tVer post \u00bb\t\t<\/a>\n\n\t\t\t\t<\/div>\n\t\t\t\t<\/article>\n\t\t\t\t<article class=\"elementor-post elementor-grid-item post-4381 post type-post status-publish format-standard has-post-thumbnail hentry category-sin-categoria\">\n\t\t\t\t<div class=\"elementor-post__text\">\n\t\t\t\t<h3 class=\"elementor-post__title\">\n\t\t\t<a href=\"https:\/\/weriseperformance.com\/en\/performance-max-2026-escalar-roas\/\" >\n\t\t\t\tPerformance Max 2026: c\u00f3mo escalar ROAS con creatividades, se\u00f1ales y medici\u00f3n bien hechas\t\t\t<\/a>\n\t\t<\/h3>\n\t\t\t\t<div class=\"elementor-post__meta-data\">\n\t\t\t\t\t<span class=\"elementor-post-date\">\n\t\t\t19 de January de 2026\t\t<\/span>\n\t\t\t\t<\/div>\n\t\t\n\t\t<a class=\"elementor-post__read-more\" href=\"https:\/\/weriseperformance.com\/en\/performance-max-2026-escalar-roas\/\" aria-label=\"Read more about Performance Max 2026: c\u00f3mo escalar ROAS con creatividades, se\u00f1ales y medici\u00f3n bien hechas\" tabindex=\"-1\" >\n\t\t\tVer post \u00bb\t\t<\/a>\n\n\t\t\t\t<\/div>\n\t\t\t\t<\/article>\n\t\t\t\t<\/div>\n\t\t\n\t\t\t\t<div class=\"e-load-more-anchor\" data-page=\"1\" data-max-page=\"8\" data-next-page=\"https:\/\/weriseperformance.com\/en\/?e-page-602d23c=2\"><\/div>\n\t\t\t\t<nav class=\"elementor-pagination\" aria-label=\"Pagination\">\n\t\t\t<span aria-current=\"page\" class=\"page-numbers current\"><span class=\"elementor-screen-only\">Page<\/span>1<\/span>\n<a class=\"page-numbers\" href=\"https:\/\/weriseperformance.com\/en\/wp-json\/wp\/v2\/pages\/3572\/?e-page-602d23c=2\"><span class=\"elementor-screen-only\">Page<\/span>2<\/a>\n<a class=\"page-numbers\" href=\"https:\/\/weriseperformance.com\/en\/wp-json\/wp\/v2\/pages\/3572\/?e-page-602d23c=3\"><span class=\"elementor-screen-only\">Page<\/span>3<\/a>\n<a class=\"page-numbers\" href=\"https:\/\/weriseperformance.com\/en\/wp-json\/wp\/v2\/pages\/3572\/?e-page-602d23c=4\"><span class=\"elementor-screen-only\">Page<\/span>4<\/a>\n<a class=\"page-numbers\" href=\"https:\/\/weriseperformance.com\/en\/wp-json\/wp\/v2\/pages\/3572\/?e-page-602d23c=5\"><span class=\"elementor-screen-only\">Page<\/span>5<\/a>\t\t<\/nav>\n\t\t\t\t\t\t<\/div>\n\t\t\t\t<\/div>\n\t\t\t\t\t<\/div>\n\t\t\t\t<\/div>\n\t\t\t\t<\/div>","protected":false},"excerpt":{"rendered":"<p>Nuestro Blog<\/p>","protected":false},"author":11,"featured_media":0,"parent":0,"menu_order":0,"comment_status":"closed","ping_status":"closed","template":"elementor_header_footer","meta":{"footnotes":""},"class_list":["post-3572","page","type-page","status-publish","hentry"],"_links":{"self":[{"href":"https:\/\/weriseperformance.com\/en\/wp-json\/wp\/v2\/pages\/3572","targetHints":{"allow":["GET"]}}],"collection":[{"href":"https:\/\/weriseperformance.com\/en\/wp-json\/wp\/v2\/pages"}],"about":[{"href":"https:\/\/weriseperformance.com\/en\/wp-json\/wp\/v2\/types\/page"}],"author":[{"embeddable":true,"href":"https:\/\/weriseperformance.com\/en\/wp-json\/wp\/v2\/users\/11"}],"replies":[{"embeddable":true,"href":"https:\/\/weriseperformance.com\/en\/wp-json\/wp\/v2\/comments?post=3572"}],"version-history":[{"count":10,"href":"https:\/\/weriseperformance.com\/en\/wp-json\/wp\/v2\/pages\/3572\/revisions"}],"predecessor-version":[{"id":4256,"href":"https:\/\/weriseperformance.com\/en\/wp-json\/wp\/v2\/pages\/3572\/revisions\/4256"}],"wp:attachment":[{"href":"https:\/\/weriseperformance.com\/en\/wp-json\/wp\/v2\/media?parent=3572"}],"curies":[{"name":"wp","href":"https:\/\/api.w.org\/{rel}","templated":true}]}}