{"id":4236,"date":"2025-12-10T14:47:55","date_gmt":"2025-12-10T13:47:55","guid":{"rendered":"https:\/\/weriseperformance.com\/?page_id=4236"},"modified":"2025-12-10T14:49:04","modified_gmt":"2025-12-10T13:49:04","slug":"politica-de-accesibilidad","status":"publish","type":"page","link":"https:\/\/weriseperformance.com\/en\/politica-de-accesibilidad\/","title":{"rendered":"Pol\u00edtica de accesibilidad"},"content":{"rendered":"<div data-elementor-type=\"wp-page\" data-elementor-id=\"4236\" class=\"elementor elementor-4236\" data-elementor-post-type=\"page\">\n\t\t\t\t<div class=\"elementor-element elementor-element-4cee91ff e-flex e-con-boxed e-con e-parent\" data-id=\"4cee91ff\" data-element_type=\"container\">\n\t\t\t\t\t<div class=\"e-con-inner\">\n\t\t\t\t<div class=\"elementor-element elementor-element-45a97113 elementor-widget elementor-widget-text-editor\" data-id=\"45a97113\" data-element_type=\"widget\" data-widget_type=\"text-editor.default\">\n\t\t\t\t<div class=\"elementor-widget-container\">\n\t\t\t\t\t\t\t\t\t<p data-start=\"48\" data-end=\"362\">En WeRise Performance creemos que el marketing digital y la tecnolog\u00eda tienen que estar al alcance de todas las personas. Por eso trabajamos para que nuestra web <strong data-start=\"210\" data-end=\"239\"><a class=\"decorated-link\" href=\"https:\/\/weriseperformance.com\/en\/\" target=\"_new\" rel=\"noopener\" data-start=\"212\" data-end=\"237\">www.weriseperformance.com<\/a><\/strong> sea usable y accesible, independientemente de las capacidades, el dispositivo o el contexto de navegaci\u00f3n de cada usuario.<\/p>\n<h2 data-start=\"369\" data-end=\"403\">Compromiso con la accesibilidad<\/h2>\n<p data-start=\"405\" data-end=\"453\">Nuestro objetivo es que cualquier persona pueda:<\/p>\n<ul data-start=\"455\" data-end=\"642\">\n<li data-start=\"455\" data-end=\"505\">\n<p data-start=\"457\" data-end=\"505\">Navegar por la web de forma clara e intuitiva.<\/p>\n<\/li>\n<li data-start=\"506\" data-end=\"561\">\n<p data-start=\"508\" data-end=\"561\">Acceder a la informaci\u00f3n sin barreras innecesarias.<\/p>\n<\/li>\n<li data-start=\"562\" data-end=\"642\">\n<p data-start=\"564\" data-end=\"642\">Contactar con nuestro equipo por distintos medios si encuentra dificultades.<\/p>\n<\/li>\n<\/ul>\n<p data-start=\"644\" data-end=\"807\">Tomamos como referencia las <strong data-start=\"672\" data-end=\"732\">Pautas de Accesibilidad para el Contenido Web (WCAG) 2.1<\/strong>, nivel AA, y aplicamos criterios de dise\u00f1o centrado en la persona usuaria.<\/p>\n<h2 data-start=\"814\" data-end=\"848\">Medidas que aplicamos en la web<\/h2>\n<p data-start=\"850\" data-end=\"937\">En la medida de lo posible, trabajamos para incorporar las siguientes buenas pr\u00e1cticas:<\/p>\n<ul data-start=\"939\" data-end=\"2057\">\n<li data-start=\"939\" data-end=\"1115\">\n<p data-start=\"941\" data-end=\"1115\"><strong data-start=\"941\" data-end=\"975\">Estructura clara de contenidos<\/strong><br data-start=\"975\" data-end=\"978\" \/>Uso de encabezados jer\u00e1rquicos, listas y p\u00e1rrafos sencillos que facilitan la lectura y la navegaci\u00f3n, tambi\u00e9n con lectores de pantalla.<\/p>\n<\/li>\n<li data-start=\"1117\" data-end=\"1287\">\n<p data-start=\"1119\" data-end=\"1287\"><strong data-start=\"1119\" data-end=\"1155\">Contraste de color y legibilidad<\/strong><br data-start=\"1155\" data-end=\"1158\" \/>Procuramos utilizar combinaciones de colores con suficiente contraste y tipograf\u00edas legibles en diferentes tama\u00f1os de pantalla.<\/p>\n<\/li>\n<li data-start=\"1289\" data-end=\"1475\">\n<p data-start=\"1291\" data-end=\"1475\"><strong data-start=\"1291\" data-end=\"1322\">Navegaci\u00f3n mediante teclado<\/strong><br data-start=\"1322\" data-end=\"1325\" \/>Dise\u00f1amos la web para que los elementos principales (men\u00fas, enlaces, botones y formularios) sean accesibles mediante teclado sin necesidad de rat\u00f3n.<\/p>\n<\/li>\n<li data-start=\"1477\" data-end=\"1687\">\n<p data-start=\"1479\" data-end=\"1687\"><strong data-start=\"1479\" data-end=\"1514\">Textos alternativos en im\u00e1genes<\/strong><br data-start=\"1514\" data-end=\"1517\" \/>Siempre que es posible, a\u00f1adimos descripciones alternativas en las im\u00e1genes relevantes para que las personas que usan lectores de pantalla puedan entender el contenido.<\/p>\n<\/li>\n<li data-start=\"1689\" data-end=\"1878\">\n<p data-start=\"1691\" data-end=\"1878\"><strong data-start=\"1691\" data-end=\"1724\">Dise\u00f1o adaptable (responsive)<\/strong><br data-start=\"1724\" data-end=\"1727\" \/>La web se adapta a distintos dispositivos (ordenador, tablet, m\u00f3vil) para facilitar la navegaci\u00f3n y evitar desplazamientos horizontales innecesarios.<\/p>\n<\/li>\n<li data-start=\"1880\" data-end=\"2057\">\n<p data-start=\"1882\" data-end=\"2057\"><strong data-start=\"1882\" data-end=\"1912\">Formularios m\u00e1s accesibles<\/strong><br data-start=\"1912\" data-end=\"1915\" \/>Asociamos etiquetas a los campos de formularios y ofrecemos mensajes de error claros para facilitar la comprensi\u00f3n y la correcci\u00f3n de datos.<\/p>\n<\/li>\n<\/ul>\n<h2 data-start=\"2064\" data-end=\"2107\">Situaci\u00f3n actual y posibles limitaciones<\/h2>\n<p data-start=\"2109\" data-end=\"2213\">Aunque trabajamos de forma continua en la mejora de la accesibilidad, es posible que todav\u00eda encuentres:<\/p>\n<ul data-start=\"2215\" data-end=\"2590\">\n<li data-start=\"2215\" data-end=\"2316\">\n<p data-start=\"2217\" data-end=\"2316\">P\u00e1ginas o secciones con <strong data-start=\"2241\" data-end=\"2287\">elementos que no tienen etiqueta accesible<\/strong> o descripciones completas.<\/p>\n<\/li>\n<li data-start=\"2317\" data-end=\"2483\">\n<p data-start=\"2319\" data-end=\"2483\">Contenidos antiguos o <strong data-start=\"2341\" data-end=\"2378\">creativos incrustados de terceros<\/strong> (por ejemplo, v\u00eddeos, formularios externos o widgets) que no cumplen completamente los criterios WCAG.<\/p>\n<\/li>\n<li data-start=\"2484\" data-end=\"2590\">\n<p data-start=\"2486\" data-end=\"2590\">Documentos descargables (PDF u otros formatos) que no est\u00e9n totalmente adaptados a lectores de pantalla.<\/p>\n<\/li>\n<\/ul>\n<p data-start=\"2592\" data-end=\"2707\">Si detectas alguna barrera de accesibilidad, te agradecemos que nos lo comuniques para poder revisarla y mejorarla.<\/p>\n<h2 data-start=\"2714\" data-end=\"2754\">C\u00f3mo ponerte en contacto con nosotros<\/h2>\n<p data-start=\"2756\" data-end=\"2846\">Si encuentras dificultades de acceso o usabilidad en la web, puedes escribirnos indicando:<\/p>\n<ul data-start=\"2848\" data-end=\"3058\">\n<li data-start=\"2848\" data-end=\"2910\">\n<p data-start=\"2850\" data-end=\"2910\">La <strong data-start=\"2853\" data-end=\"2878\">URL o p\u00e1gina concreta<\/strong> donde has tenido el problema.<\/p>\n<\/li>\n<li data-start=\"2911\" data-end=\"2954\">\n<p data-start=\"2913\" data-end=\"2954\">Una descripci\u00f3n breve de la incidencia.<\/p>\n<\/li>\n<li data-start=\"2955\" data-end=\"3058\">\n<p data-start=\"2957\" data-end=\"3058\">Si utilizas alg\u00fan <strong data-start=\"2975\" data-end=\"3023\">dispositivo, navegador o tecnolog\u00eda de apoyo<\/strong> (por ejemplo, lector de pantalla).<\/p>\n<\/li>\n<\/ul>\n<p data-start=\"3060\" data-end=\"3147\">\ud83d\udce9 <strong data-start=\"3063\" data-end=\"3114\">Correo de contacto para temas de accesibilidad:<\/strong><br data-start=\"3114\" data-end=\"3117\" \/><strong data-start=\"3117\" data-end=\"3147\"><a class=\"decorated-link cursor-pointer\" rel=\"noopener\" data-start=\"3119\" data-end=\"3145\">info@weriseperformance.com<\/a><\/strong><\/p>\n<p data-start=\"3149\" data-end=\"3275\">Tambi\u00e9n puedes usar los formularios de contacto de la web para hacernos llegar tus comentarios relacionados con accesibilidad.<\/p>\n<h2 data-start=\"3282\" data-end=\"3300\">Mejora continua<\/h2>\n<p data-start=\"3302\" data-end=\"3389\">Entendemos la accesibilidad como un proceso continuo, no como un estado final. Por eso:<\/p>\n<ul data-start=\"3391\" data-end=\"3719\">\n<li data-start=\"3391\" data-end=\"3482\">\n<p data-start=\"3393\" data-end=\"3482\">Revisamos peri\u00f3dicamente los contenidos y dise\u00f1os para <strong data-start=\"3448\" data-end=\"3479\">detectar y corregir errores<\/strong>.<\/p>\n<\/li>\n<li data-start=\"3483\" data-end=\"3593\">\n<p data-start=\"3485\" data-end=\"3593\">Tenemos en cuenta la accesibilidad en nuevos desarrollos, servicios y secciones que incorporemos a la web.<\/p>\n<\/li>\n<li data-start=\"3594\" data-end=\"3719\">\n<p data-start=\"3596\" data-end=\"3719\">Integramos la accesibilidad dentro de nuestra filosof\u00eda de <strong data-start=\"3655\" data-end=\"3686\">experiencia de usuario (UX)<\/strong> y dise\u00f1o centrado en la persona.<\/p>\n<\/li>\n<\/ul>\t\t\t\t\t\t\t\t<\/div>\n\t\t\t\t<\/div>\n\t\t\t\t\t<\/div>\n\t\t\t\t<\/div>\n\t\t\t\t<\/div>","protected":false},"excerpt":{"rendered":"<p>En WeRise Performance creemos que el marketing digital y la tecnolog\u00eda tienen que estar al alcance de todas las personas. Por eso trabajamos para que nuestra web www.weriseperformance.com sea usable y accesible, independientemente de las capacidades, el dispositivo o el contexto de navegaci\u00f3n de cada usuario. Compromiso con la accesibilidad Nuestro objetivo es que cualquier [&hellip;]<\/p>\n","protected":false},"author":11,"featured_media":0,"parent":0,"menu_order":0,"comment_status":"closed","ping_status":"closed","template":"","meta":{"footnotes":""},"class_list":["post-4236","page","type-page","status-publish","hentry"],"_links":{"self":[{"href":"https:\/\/weriseperformance.com\/en\/wp-json\/wp\/v2\/pages\/4236","targetHints":{"allow":["GET"]}}],"collection":[{"href":"https:\/\/weriseperformance.com\/en\/wp-json\/wp\/v2\/pages"}],"about":[{"href":"https:\/\/weriseperformance.com\/en\/wp-json\/wp\/v2\/types\/page"}],"author":[{"embeddable":true,"href":"https:\/\/weriseperformance.com\/en\/wp-json\/wp\/v2\/users\/11"}],"replies":[{"embeddable":true,"href":"https:\/\/weriseperformance.com\/en\/wp-json\/wp\/v2\/comments?post=4236"}],"version-history":[{"count":8,"href":"https:\/\/weriseperformance.com\/en\/wp-json\/wp\/v2\/pages\/4236\/revisions"}],"predecessor-version":[{"id":4244,"href":"https:\/\/weriseperformance.com\/en\/wp-json\/wp\/v2\/pages\/4236\/revisions\/4244"}],"wp:attachment":[{"href":"https:\/\/weriseperformance.com\/en\/wp-json\/wp\/v2\/media?parent=4236"}],"curies":[{"name":"wp","href":"https:\/\/api.w.org\/{rel}","templated":true}]}}